{"id":315,"date":"2020-10-21T00:41:43","date_gmt":"2020-10-20T22:41:43","guid":{"rendered":"http:\/\/barbarachiaroni-neuropsychologie.fr\/?page_id=315"},"modified":"2021-04-12T13:20:32","modified_gmt":"2021-04-12T11:20:32","slug":"se-rendre-a-mon-cabinet","status":"publish","type":"page","link":"https:\/\/www.barbarachiaroni-neuropsychologie.fr\/index.php\/se-rendre-a-mon-cabinet\/","title":{"rendered":"Le cabinet"},"content":{"rendered":"\t\t<div data-elementor-type=\"wp-page\" data-elementor-id=\"315\" class=\"elementor elementor-315\">\n\t\t\t\t\t\t<div class=\"elementor-inner\">\n\t\t\t\t<div class=\"elementor-section-wrap\">\n\t\t\t\t\t\t\t\t\t<section class=\"elementor-section elementor-top-section elementor-element elementor-element-1d5de3a elementor-section-boxed elementor-section-height-default elementor-section-height-default\" data-id=\"1d5de3a\" data-element_type=\"section\">\n\t\t\t\t\t\t<div class=\"elementor-container elementor-column-gap-default\">\n\t\t\t\t\t\t\t<div class=\"elementor-row\">\n\t\t\t\t\t<div class=\"elementor-column elementor-col-100 elementor-top-column elementor-element elementor-element-c13b5a1\" data-id=\"c13b5a1\" data-element_type=\"column\">\n\t\t\t<div class=\"elementor-column-wrap elementor-element-populated\">\n\t\t\t\t\t\t\t<div class=\"elementor-widget-wrap\">\n\t\t\t\t\t\t<div class=\"elementor-element elementor-element-7ce2f14 elementor-widget elementor-widget-heading\" data-id=\"7ce2f14\" data-element_type=\"widget\" data-widget_type=\"heading.default\">\n\t\t\t\t<div class=\"elementor-widget-container\">\n\t\t\t<h2 class=\"elementor-heading-title elementor-size-default\">Emplacement et acc\u00e8s<\/h2>\t\t<\/div>\n\t\t\t\t<\/div>\n\t\t\t\t\t\t<\/div>\n\t\t\t\t\t<\/div>\n\t\t<\/div>\n\t\t\t\t\t\t\t\t<\/div>\n\t\t\t\t\t<\/div>\n\t\t<\/section>\n\t\t\t\t<section class=\"elementor-section elementor-top-section elementor-element elementor-element-f2d11e2 elementor-section-content-middle elementor-section-boxed elementor-section-height-default elementor-section-height-default\" data-id=\"f2d11e2\" data-element_type=\"section\">\n\t\t\t\t\t\t<div class=\"elementor-container elementor-column-gap-default\">\n\t\t\t\t\t\t\t<div class=\"elementor-row\">\n\t\t\t\t\t<div class=\"elementor-column elementor-col-50 elementor-top-column elementor-element elementor-element-6380830\" data-id=\"6380830\" data-element_type=\"column\">\n\t\t\t<div class=\"elementor-column-wrap elementor-element-populated\">\n\t\t\t\t\t\t\t<div class=\"elementor-widget-wrap\">\n\t\t\t\t\t\t<div class=\"elementor-element elementor-element-4a9661b elementor-widget elementor-widget-google_maps\" data-id=\"4a9661b\" data-element_type=\"widget\" data-widget_type=\"google_maps.default\">\n\t\t\t\t<div class=\"elementor-widget-container\">\n\t\t\t\t\t<div class=\"elementor-custom-embed\">\n\t\t\t<iframe frameborder=\"0\" scrolling=\"no\" marginheight=\"0\" marginwidth=\"0\"\n\t\t\t\t\tsrc=\"https:\/\/maps.google.com\/maps?q=34%20Marcelin%20Berthelot%2C%2094140%2C%20Alfortville&#038;t=m&#038;z=13&#038;output=embed&#038;iwloc=near\"\n\t\t\t\t\ttitle=\"34 Marcelin Berthelot, 94140, Alfortville\"\n\t\t\t\t\taria-label=\"34 Marcelin Berthelot, 94140, Alfortville\"\n\t\t\t><\/iframe>\n\t\t<\/div>\n\t\t\t\t<\/div>\n\t\t\t\t<\/div>\n\t\t\t\t\t\t<\/div>\n\t\t\t\t\t<\/div>\n\t\t<\/div>\n\t\t\t\t<div class=\"elementor-column elementor-col-50 elementor-top-column elementor-element elementor-element-2e83ce0\" data-id=\"2e83ce0\" data-element_type=\"column\">\n\t\t\t<div class=\"elementor-column-wrap elementor-element-populated\">\n\t\t\t\t\t\t\t<div class=\"elementor-widget-wrap\">\n\t\t\t\t\t\t<div class=\"elementor-element elementor-element-61d4060 elementor-widget elementor-widget-text-editor\" data-id=\"61d4060\" data-element_type=\"widget\" data-widget_type=\"text-editor.default\">\n\t\t\t\t<div class=\"elementor-widget-container\">\n\t\t\t\t\t\t\t\t<div class=\"elementor-text-editor elementor-clearfix\">\n\t\t\t\t<div style=\"outline: 0px; box-sizing: inherit; margin: 20px 0px; flex-grow: 1; color: #404248; font-family: Graphik, -apple-system, BlinkMacSystemFont, 'Segoe UI', Helvetica, Arial, sans-serif; padding: 20px; border-radius: 0px; border: 0px solid #000000;\"><div style=\"outline: 0px; box-sizing: inherit;\"><div style=\"outline: 0px; position: relative; box-sizing: inherit;\"><ul><li style=\"line-height: 1.68421; box-sizing: inherit; max-width: 1170px; position: relative; overflow-wrap: break-word; white-space: pre-wrap;\" tabindex=\"0\" role=\"textbox\" aria-label=\"Bloc paragraphe\" aria-multiline=\"true\" data-block=\"3d23688a-554c-4dd9-818e-28da0f7b31f4\" data-type=\"core\/paragraph\" data-title=\"Paragraphe\">Adresse : <strong><span style=\"box-sizing: inherit;\">34 Marcelin Berthelot, 94140, Alfortville<\/span> (Nord)<\/strong><\/li><li style=\"line-height: 1.68421; box-sizing: inherit; max-width: 1170px; position: relative; overflow-wrap: break-word; white-space: pre-wrap;\" tabindex=\"0\" role=\"textbox\" aria-label=\"Bloc paragraphe\" aria-multiline=\"true\" data-block=\"3d23688a-554c-4dd9-818e-28da0f7b31f4\" data-type=\"core\/paragraph\" data-title=\"Paragraphe\">\u00c0 10min \u00e0 pied de l&rsquo;\u00e9cole v\u00e9t\u00e9rinaire de Maisons-Alfort<\/li><li tabindex=\"0\" role=\"textbox\" aria-label=\"Bloc paragraphe\" aria-multiline=\"true\" data-block=\"3d23688a-554c-4dd9-818e-28da0f7b31f4\" data-type=\"core\/paragraph\" data-title=\"Paragraphe\">Accesible en voiture (places gratuites dans la rue, quartier r\u00e9sidentiel)<\/li><\/ul><p style=\"line-height: 1.68421; margin: 28px auto; box-sizing: inherit; max-width: 1170px; position: relative; overflow-wrap: break-word; white-space: pre-wrap;\" tabindex=\"0\" role=\"textbox\" aria-label=\"Bloc paragraphe\" aria-multiline=\"true\" data-block=\"01364ea9-40da-4eb1-8fe6-a371f0bfa11e\" data-type=\"core\/paragraph\" data-title=\"Paragraphe\"><img loading=\"lazy\" decoding=\"async\" style=\"box-sizing: inherit;\" src=\"https:\/\/www.barbarachiaroni-neuropsychologie.fr\/wp-content\/uploads\/2020\/05\/metro8.png\" alt=\"Emplacement\" width=\"64\" height=\"64\" \/><br style=\"box-sizing: inherit;\" data-rich-text-line-break=\"true\" \/><span style=\"font-weight: bold; box-sizing: inherit;\">M\u00e9tro ligne 8<\/span> : \u00e9cole v\u00e9t\u00e9rinaire (10min \u00e0 pied)<\/p><p style=\"line-height: 1.68421; margin: 28px auto; box-sizing: inherit; max-width: 1170px; position: relative; overflow-wrap: break-word; white-space: pre-wrap;\" tabindex=\"0\" role=\"textbox\" aria-label=\"Bloc paragraphe\" aria-multiline=\"true\" data-block=\"3188f91c-e2ae-439e-826d-7f70f33f36dc\" data-type=\"core\/paragraph\" data-title=\"Paragraphe\"><img loading=\"lazy\" decoding=\"async\" style=\"box-sizing: inherit;\" src=\"https:\/\/www.barbarachiaroni-neuropsychologie.fr\/wp-content\/uploads\/2020\/05\/rerd.png\" alt=\"Emplacement\" width=\"64\" height=\"64\" \/><br style=\"box-sizing: inherit;\" data-rich-text-line-break=\"true\" \/><span style=\"font-weight: bold; box-sizing: inherit;\">RER D<\/span>\u00a0: Maisons Alfort \u2013 Alfortville (20min \u00e0 pied, 10min avec le bus 103)<\/p><p style=\"line-height: 1.68421; margin: 28px auto; box-sizing: inherit; max-width: 1170px; position: relative; overflow-wrap: break-word; white-space: pre-wrap;\" tabindex=\"0\" role=\"textbox\" aria-label=\"Bloc paragraphe\" aria-multiline=\"true\" data-block=\"1336dc1f-e44b-4a4b-9b90-958dd3222faa\" data-type=\"core\/paragraph\" data-title=\"Paragraphe\"><img loading=\"lazy\" decoding=\"async\" style=\"box-sizing: inherit;\" src=\"https:\/\/www.barbarachiaroni-neuropsychologie.fr\/wp-content\/uploads\/2020\/05\/bus103.png\" alt=\"Emplacement\" width=\"48\" height=\"48\" \/><br style=\"box-sizing: inherit;\" data-rich-text-line-break=\"true\" \/><span style=\"font-weight: bold; box-sizing: inherit;\">Bus 103<\/span>\u00a0: arr\u00eat G\u00e9n\u00e9ral de Gaule (5min \u00e0 pied)<\/p><p style=\"line-height: 1.68421; margin: 28px auto; box-sizing: inherit; max-width: 1170px; position: relative; overflow-wrap: break-word; white-space: pre-wrap;\" tabindex=\"0\" role=\"textbox\" aria-label=\"Bloc paragraphe\" aria-multiline=\"true\" data-block=\"1336dc1f-e44b-4a4b-9b90-958dd3222faa\" data-type=\"core\/paragraph\" data-title=\"Paragraphe\"><b><img loading=\"lazy\" decoding=\"async\" class=\"\" src=\"https:\/\/www.barbarachiaroni-neuropsychologie.fr\/wp-content\/uploads\/2020\/12\/1b86bab64f04ab3de3fe724bc228b8f8.png\" width=\"48\" height=\"48\" \/><br \/><\/b><b>Station Velib<\/b> : Marne &#8211; Charles de Gaulle (5min \u00e0 pied)<\/p><\/div><\/div><\/div>\t\t\t\t\t<\/div>\n\t\t\t\t\t\t<\/div>\n\t\t\t\t<\/div>\n\t\t\t\t\t\t<\/div>\n\t\t\t\t\t<\/div>\n\t\t<\/div>\n\t\t\t\t\t\t\t\t<\/div>\n\t\t\t\t\t<\/div>\n\t\t<\/section>\n\t\t\t\t<section class=\"elementor-section elementor-top-section elementor-element elementor-element-09b907c elementor-section-boxed elementor-section-height-default elementor-section-height-default\" data-id=\"09b907c\" data-element_type=\"section\">\n\t\t\t\t\t\t<div class=\"elementor-container elementor-column-gap-default\">\n\t\t\t\t\t\t\t<div class=\"elementor-row\">\n\t\t\t\t\t<div class=\"elementor-column elementor-col-100 elementor-top-column elementor-element elementor-element-d07e26b\" data-id=\"d07e26b\" data-element_type=\"column\">\n\t\t\t<div class=\"elementor-column-wrap elementor-element-populated\">\n\t\t\t\t\t\t\t<div class=\"elementor-widget-wrap\">\n\t\t\t\t\t\t<div class=\"elementor-element elementor-element-e1778c7 elementor-widget elementor-widget-heading\" data-id=\"e1778c7\" data-element_type=\"widget\" data-widget_type=\"heading.default\">\n\t\t\t\t<div class=\"elementor-widget-container\">\n\t\t\t<h2 class=\"elementor-heading-title elementor-size-default\">Photos du cabinet<\/h2>\t\t<\/div>\n\t\t\t\t<\/div>\n\t\t\t\t\t\t<\/div>\n\t\t\t\t\t<\/div>\n\t\t<\/div>\n\t\t\t\t\t\t\t\t<\/div>\n\t\t\t\t\t<\/div>\n\t\t<\/section>\n\t\t\t\t<section class=\"elementor-section elementor-top-section elementor-element elementor-element-4ab2871 elementor-section-boxed elementor-section-height-default elementor-section-height-default\" data-id=\"4ab2871\" data-element_type=\"section\">\n\t\t\t\t\t\t<div class=\"elementor-container elementor-column-gap-default\">\n\t\t\t\t\t\t\t<div class=\"elementor-row\">\n\t\t\t\t\t<div class=\"elementor-column elementor-col-100 elementor-top-column elementor-element elementor-element-af925d0\" data-id=\"af925d0\" data-element_type=\"column\">\n\t\t\t<div class=\"elementor-column-wrap elementor-element-populated\">\n\t\t\t\t\t\t\t<div class=\"elementor-widget-wrap\">\n\t\t\t\t\t\t<div class=\"elementor-element elementor-element-8e7f3cd elementor-widget elementor-widget-image-gallery\" data-id=\"8e7f3cd\" data-element_type=\"widget\" data-widget_type=\"image-gallery.default\">\n\t\t\t\t<div class=\"elementor-widget-container\">\n\t\t\t\t\t<div class=\"elementor-image-gallery\">\n\t\t\t<div id='gallery-1' class='gallery galleryid-315 gallery-columns-3 gallery-size-medium'><dl class='gallery-item'>\n\t\t\t<dt class='gallery-icon landscape'>\n\t\t\t\t<a data-elementor-open-lightbox=\"yes\" data-elementor-lightbox-slideshow=\"8e7f3cd\" data-elementor-lightbox-title=\"Marcelin-Berthelot\" e-action-hash=\"#elementor-action%3Aaction%3Dlightbox%26settings%3DeyJpZCI6Mzg4LCJ1cmwiOiJodHRwczpcL1wvd3d3LmJhcmJhcmFjaGlhcm9uaS1uZXVyb3BzeWNob2xvZ2llLmZyXC93cC1jb250ZW50XC91cGxvYWRzXC8yMDIxXC8wNFwvTWFyY2VsaW4tQmVydGhlbG90LmpwZyIsInNsaWRlc2hvdyI6IjhlN2YzY2QifQ%3D%3D\" href='https:\/\/www.barbarachiaroni-neuropsychologie.fr\/wp-content\/uploads\/2021\/04\/Marcelin-Berthelot.jpg'><img loading=\"lazy\" decoding=\"async\" width=\"300\" height=\"264\" src=\"https:\/\/www.barbarachiaroni-neuropsychologie.fr\/wp-content\/uploads\/2021\/04\/Marcelin-Berthelot-300x264.jpg\" class=\"attachment-medium size-medium\" alt=\"Marcelin-Berthelot\" srcset=\"https:\/\/www.barbarachiaroni-neuropsychologie.fr\/wp-content\/uploads\/2021\/04\/Marcelin-Berthelot-300x264.jpg 300w, https:\/\/www.barbarachiaroni-neuropsychologie.fr\/wp-content\/uploads\/2021\/04\/Marcelin-Berthelot.jpg 538w\" sizes=\"auto, (max-width: 300px) 100vw, 300px\" \/><\/a>\n\t\t\t<\/dt><\/dl><dl class='gallery-item'>\n\t\t\t<dt class='gallery-icon portrait'>\n\t\t\t\t<a data-elementor-open-lightbox=\"yes\" data-elementor-lightbox-slideshow=\"8e7f3cd\" data-elementor-lightbox-title=\"Bureau-vert\" e-action-hash=\"#elementor-action%3Aaction%3Dlightbox%26settings%3DeyJpZCI6Mzg5LCJ1cmwiOiJodHRwczpcL1wvd3d3LmJhcmJhcmFjaGlhcm9uaS1uZXVyb3BzeWNob2xvZ2llLmZyXC93cC1jb250ZW50XC91cGxvYWRzXC8yMDIxXC8wNFwvYW5ub25jZTItcm90YXRlZC5qcGciLCJzbGlkZXNob3ciOiI4ZTdmM2NkIn0%3D\" href='https:\/\/www.barbarachiaroni-neuropsychologie.fr\/wp-content\/uploads\/2021\/04\/annonce2-rotated.jpg'><img loading=\"lazy\" decoding=\"async\" width=\"225\" height=\"300\" src=\"https:\/\/www.barbarachiaroni-neuropsychologie.fr\/wp-content\/uploads\/2021\/04\/annonce2-225x300.jpg\" class=\"attachment-medium size-medium\" alt=\"Bureau-vert\" srcset=\"https:\/\/www.barbarachiaroni-neuropsychologie.fr\/wp-content\/uploads\/2021\/04\/annonce2-225x300.jpg 225w, https:\/\/www.barbarachiaroni-neuropsychologie.fr\/wp-content\/uploads\/2021\/04\/annonce2-768x1024.jpg 768w, https:\/\/www.barbarachiaroni-neuropsychologie.fr\/wp-content\/uploads\/2021\/04\/annonce2-1152x1536.jpg 1152w, https:\/\/www.barbarachiaroni-neuropsychologie.fr\/wp-content\/uploads\/2021\/04\/annonce2-rotated.jpg 1512w\" sizes=\"auto, (max-width: 225px) 100vw, 225px\" \/><\/a>\n\t\t\t<\/dt><\/dl><dl class='gallery-item'>\n\t\t\t<dt class='gallery-icon portrait'>\n\t\t\t\t<a data-elementor-open-lightbox=\"yes\" data-elementor-lightbox-slideshow=\"8e7f3cd\" data-elementor-lightbox-title=\"Bureau-vert2\" e-action-hash=\"#elementor-action%3Aaction%3Dlightbox%26settings%3DeyJpZCI6MzkxLCJ1cmwiOiJodHRwczpcL1wvd3d3LmJhcmJhcmFjaGlhcm9uaS1uZXVyb3BzeWNob2xvZ2llLmZyXC93cC1jb250ZW50XC91cGxvYWRzXC8yMDIxXC8wNFwvSU1HXzY0Njgtcm90YXRlZC5qcGciLCJzbGlkZXNob3ciOiI4ZTdmM2NkIn0%3D\" href='https:\/\/www.barbarachiaroni-neuropsychologie.fr\/wp-content\/uploads\/2021\/04\/IMG_6468-rotated.jpg'><img loading=\"lazy\" decoding=\"async\" width=\"225\" height=\"300\" src=\"https:\/\/www.barbarachiaroni-neuropsychologie.fr\/wp-content\/uploads\/2021\/04\/IMG_6468-225x300.jpg\" class=\"attachment-medium size-medium\" alt=\"Bureau-vert2\" srcset=\"https:\/\/www.barbarachiaroni-neuropsychologie.fr\/wp-content\/uploads\/2021\/04\/IMG_6468-225x300.jpg 225w, https:\/\/www.barbarachiaroni-neuropsychologie.fr\/wp-content\/uploads\/2021\/04\/IMG_6468-768x1024.jpg 768w, https:\/\/www.barbarachiaroni-neuropsychologie.fr\/wp-content\/uploads\/2021\/04\/IMG_6468-1152x1536.jpg 1152w, https:\/\/www.barbarachiaroni-neuropsychologie.fr\/wp-content\/uploads\/2021\/04\/IMG_6468-rotated.jpg 1512w\" sizes=\"auto, (max-width: 225px) 100vw, 225px\" \/><\/a>\n\t\t\t<\/dt><\/dl><br style=\"clear: both\" \/><dl class='gallery-item'>\n\t\t\t<dt class='gallery-icon portrait'>\n\t\t\t\t<a data-elementor-open-lightbox=\"yes\" data-elementor-lightbox-slideshow=\"8e7f3cd\" data-elementor-lightbox-title=\"Couloir salle d&#039;attente\" e-action-hash=\"#elementor-action%3Aaction%3Dlightbox%26settings%3DeyJpZCI6MzkwLCJ1cmwiOiJodHRwczpcL1wvd3d3LmJhcmJhcmFjaGlhcm9uaS1uZXVyb3BzeWNob2xvZ2llLmZyXC93cC1jb250ZW50XC91cGxvYWRzXC8yMDIxXC8wNFwvYW5ub25jZTMtcm90YXRlZC5qcGciLCJzbGlkZXNob3ciOiI4ZTdmM2NkIn0%3D\" href='https:\/\/www.barbarachiaroni-neuropsychologie.fr\/wp-content\/uploads\/2021\/04\/annonce3-rotated.jpg'><img loading=\"lazy\" decoding=\"async\" width=\"225\" height=\"300\" src=\"https:\/\/www.barbarachiaroni-neuropsychologie.fr\/wp-content\/uploads\/2021\/04\/annonce3-225x300.jpg\" class=\"attachment-medium size-medium\" alt=\"Couloir salle d&#039;attente\" srcset=\"https:\/\/www.barbarachiaroni-neuropsychologie.fr\/wp-content\/uploads\/2021\/04\/annonce3-225x300.jpg 225w, https:\/\/www.barbarachiaroni-neuropsychologie.fr\/wp-content\/uploads\/2021\/04\/annonce3-768x1024.jpg 768w, https:\/\/www.barbarachiaroni-neuropsychologie.fr\/wp-content\/uploads\/2021\/04\/annonce3-1152x1536.jpg 1152w, https:\/\/www.barbarachiaroni-neuropsychologie.fr\/wp-content\/uploads\/2021\/04\/annonce3-rotated.jpg 1512w\" sizes=\"auto, (max-width: 225px) 100vw, 225px\" \/><\/a>\n\t\t\t<\/dt><\/dl><dl class='gallery-item'>\n\t\t\t<dt class='gallery-icon portrait'>\n\t\t\t\t<a data-elementor-open-lightbox=\"yes\" data-elementor-lightbox-slideshow=\"8e7f3cd\" data-elementor-lightbox-title=\"Couloir\" e-action-hash=\"#elementor-action%3Aaction%3Dlightbox%26settings%3DeyJpZCI6MzkyLCJ1cmwiOiJodHRwczpcL1wvd3d3LmJhcmJhcmFjaGlhcm9uaS1uZXVyb3BzeWNob2xvZ2llLmZyXC93cC1jb250ZW50XC91cGxvYWRzXC8yMDIxXC8wNFwvSU1HXzY0ODAtcm90YXRlZC5qcGciLCJzbGlkZXNob3ciOiI4ZTdmM2NkIn0%3D\" href='https:\/\/www.barbarachiaroni-neuropsychologie.fr\/wp-content\/uploads\/2021\/04\/IMG_6480-rotated.jpg'><img loading=\"lazy\" decoding=\"async\" width=\"225\" height=\"300\" src=\"https:\/\/www.barbarachiaroni-neuropsychologie.fr\/wp-content\/uploads\/2021\/04\/IMG_6480-225x300.jpg\" class=\"attachment-medium size-medium\" alt=\"Couloir\" srcset=\"https:\/\/www.barbarachiaroni-neuropsychologie.fr\/wp-content\/uploads\/2021\/04\/IMG_6480-225x300.jpg 225w, https:\/\/www.barbarachiaroni-neuropsychologie.fr\/wp-content\/uploads\/2021\/04\/IMG_6480-768x1024.jpg 768w, https:\/\/www.barbarachiaroni-neuropsychologie.fr\/wp-content\/uploads\/2021\/04\/IMG_6480-1152x1536.jpg 1152w, https:\/\/www.barbarachiaroni-neuropsychologie.fr\/wp-content\/uploads\/2021\/04\/IMG_6480-rotated.jpg 1512w\" sizes=\"auto, (max-width: 225px) 100vw, 225px\" \/><\/a>\n\t\t\t<\/dt><\/dl><dl class='gallery-item'>\n\t\t\t<dt class='gallery-icon portrait'>\n\t\t\t\t<a data-elementor-open-lightbox=\"yes\" data-elementor-lightbox-slideshow=\"8e7f3cd\" data-elementor-lightbox-title=\"WC\" e-action-hash=\"#elementor-action%3Aaction%3Dlightbox%26settings%3DeyJpZCI6MzkzLCJ1cmwiOiJodHRwczpcL1wvd3d3LmJhcmJhcmFjaGlhcm9uaS1uZXVyb3BzeWNob2xvZ2llLmZyXC93cC1jb250ZW50XC91cGxvYWRzXC8yMDIxXC8wNFwvSU1HXzY0ODUtcm90YXRlZC5qcGciLCJzbGlkZXNob3ciOiI4ZTdmM2NkIn0%3D\" href='https:\/\/www.barbarachiaroni-neuropsychologie.fr\/wp-content\/uploads\/2021\/04\/IMG_6485-rotated.jpg'><img loading=\"lazy\" decoding=\"async\" width=\"225\" height=\"300\" src=\"https:\/\/www.barbarachiaroni-neuropsychologie.fr\/wp-content\/uploads\/2021\/04\/IMG_6485-225x300.jpg\" class=\"attachment-medium size-medium\" alt=\"WC\" srcset=\"https:\/\/www.barbarachiaroni-neuropsychologie.fr\/wp-content\/uploads\/2021\/04\/IMG_6485-225x300.jpg 225w, https:\/\/www.barbarachiaroni-neuropsychologie.fr\/wp-content\/uploads\/2021\/04\/IMG_6485-768x1024.jpg 768w, https:\/\/www.barbarachiaroni-neuropsychologie.fr\/wp-content\/uploads\/2021\/04\/IMG_6485-1152x1536.jpg 1152w, https:\/\/www.barbarachiaroni-neuropsychologie.fr\/wp-content\/uploads\/2021\/04\/IMG_6485-rotated.jpg 1512w\" sizes=\"auto, (max-width: 225px) 100vw, 225px\" \/><\/a>\n\t\t\t<\/dt><\/dl><br style=\"clear: both\" \/>\n\t\t<\/div>\n\t\t<\/div>\n\t\t\t\t<\/div>\n\t\t\t\t<\/div>\n\t\t\t\t\t\t<\/div>\n\t\t\t\t\t<\/div>\n\t\t<\/div>\n\t\t\t\t\t\t\t\t<\/div>\n\t\t\t\t\t<\/div>\n\t\t<\/section>\n\t\t\t\t\t\t\t\t\t<\/div>\n\t\t\t<\/div>\n\t\t\t\t\t<\/div>\n\t\t","protected":false},"excerpt":{"rendered":"<p>Emplacement et acc\u00e8s Adresse : 34 Marcelin Berthelot, 94140, Alfortville (Nord) \u00c0 10min \u00e0 pied de l&rsquo;\u00e9cole v\u00e9t\u00e9rinaire de Maisons-Alfort Accesible en voiture (places gratuites dans la rue, quartier r\u00e9sidentiel) M\u00e9tro ligne 8 : \u00e9cole v\u00e9t\u00e9rinaire (10min \u00e0 pied) RER D\u00a0: Maisons Alfort \u2013 Alfortville (20min \u00e0 pied, 10min avec le bus 103) Bus 103\u00a0:&hellip;&nbsp;<a href=\"https:\/\/www.barbarachiaroni-neuropsychologie.fr\/index.php\/se-rendre-a-mon-cabinet\/\" class=\"\" rel=\"bookmark\">Lire la suite &raquo;<span class=\"screen-reader-text\">Le cabinet<\/span><\/a><\/p>\n","protected":false},"author":1,"featured_media":0,"parent":0,"menu_order":0,"comment_status":"closed","ping_status":"closed","template":"","meta":{"neve_meta_sidebar":"full-width","neve_meta_container":"","neve_meta_enable_content_width":"on","neve_meta_content_width":100,"neve_meta_title_alignment":"","neve_meta_author_avatar":"","neve_post_elements_order":"","neve_meta_disable_header":"","neve_meta_disable_footer":"","neve_meta_disable_title":"","footnotes":""},"class_list":["post-315","page","type-page","status-publish","hentry"],"_links":{"self":[{"href":"https:\/\/www.barbarachiaroni-neuropsychologie.fr\/index.php\/wp-json\/wp\/v2\/pages\/315","targetHints":{"allow":["GET"]}}],"collection":[{"href":"https:\/\/www.barbarachiaroni-neuropsychologie.fr\/index.php\/wp-json\/wp\/v2\/pages"}],"about":[{"href":"https:\/\/www.barbarachiaroni-neuropsychologie.fr\/index.php\/wp-json\/wp\/v2\/types\/page"}],"author":[{"embeddable":true,"href":"https:\/\/www.barbarachiaroni-neuropsychologie.fr\/index.php\/wp-json\/wp\/v2\/users\/1"}],"replies":[{"embeddable":true,"href":"https:\/\/www.barbarachiaroni-neuropsychologie.fr\/index.php\/wp-json\/wp\/v2\/comments?post=315"}],"version-history":[{"count":13,"href":"https:\/\/www.barbarachiaroni-neuropsychologie.fr\/index.php\/wp-json\/wp\/v2\/pages\/315\/revisions"}],"predecessor-version":[{"id":394,"href":"https:\/\/www.barbarachiaroni-neuropsychologie.fr\/index.php\/wp-json\/wp\/v2\/pages\/315\/revisions\/394"}],"wp:attachment":[{"href":"https:\/\/www.barbarachiaroni-neuropsychologie.fr\/index.php\/wp-json\/wp\/v2\/media?parent=315"}],"curies":[{"name":"wp","href":"https:\/\/api.w.org\/{rel}","templated":true}]}}