{"id":27,"date":"2020-05-08T00:00:04","date_gmt":"2020-05-07T22:00:04","guid":{"rendered":"http:\/\/barbarachiaroni-neuropsychologie.fr\/?page_id=27"},"modified":"2020-10-31T08:43:30","modified_gmt":"2020-10-31T07:43:30","slug":"les-bilans-enfants-adolescents","status":"publish","type":"page","link":"https:\/\/www.barbarachiaroni-neuropsychologie.fr\/index.php\/les-bilans-enfants-adolescents\/","title":{"rendered":"Bilans &#038; \u00e9valuations"},"content":{"rendered":"\t\t<div data-elementor-type=\"wp-page\" data-elementor-id=\"27\" class=\"elementor elementor-27\">\n\t\t\t\t\t\t<div class=\"elementor-inner\">\n\t\t\t\t<div class=\"elementor-section-wrap\">\n\t\t\t\t\t\t\t\t\t<section class=\"elementor-section elementor-top-section elementor-element elementor-element-dda954a elementor-section-boxed elementor-section-height-default elementor-section-height-default\" data-id=\"dda954a\" data-element_type=\"section\">\n\t\t\t\t\t\t<div class=\"elementor-container elementor-column-gap-default\">\n\t\t\t\t\t\t\t<div class=\"elementor-row\">\n\t\t\t\t\t<div class=\"elementor-column elementor-col-100 elementor-top-column elementor-element elementor-element-a8ed3e9\" data-id=\"a8ed3e9\" data-element_type=\"column\">\n\t\t\t<div class=\"elementor-column-wrap elementor-element-populated\">\n\t\t\t\t\t\t\t<div class=\"elementor-widget-wrap\">\n\t\t\t\t\t\t<div class=\"elementor-element elementor-element-43a0cfe elementor-widget elementor-widget-heading\" data-id=\"43a0cfe\" data-element_type=\"widget\" data-widget_type=\"heading.default\">\n\t\t\t\t<div class=\"elementor-widget-container\">\n\t\t\t<h2 class=\"elementor-heading-title elementor-size-default\">Les diff\u00e9rents types de bilans neuropsychologiques<\/h2>\t\t<\/div>\n\t\t\t\t<\/div>\n\t\t\t\t\t\t<\/div>\n\t\t\t\t\t<\/div>\n\t\t<\/div>\n\t\t\t\t\t\t\t\t<\/div>\n\t\t\t\t\t<\/div>\n\t\t<\/section>\n\t\t\t\t<section class=\"elementor-section elementor-top-section elementor-element elementor-element-a0db7e9 elementor-section-content-middle elementor-section-boxed elementor-section-height-default elementor-section-height-default\" data-id=\"a0db7e9\" data-element_type=\"section\">\n\t\t\t\t\t\t<div class=\"elementor-container elementor-column-gap-default\">\n\t\t\t\t\t\t\t<div class=\"elementor-row\">\n\t\t\t\t\t<div class=\"elementor-column elementor-col-50 elementor-top-column elementor-element elementor-element-374c359\" data-id=\"374c359\" data-element_type=\"column\">\n\t\t\t<div class=\"elementor-column-wrap elementor-element-populated\">\n\t\t\t\t\t\t\t<div class=\"elementor-widget-wrap\">\n\t\t\t\t\t\t<div class=\"elementor-element elementor-element-3f5cb04 elementor-widget elementor-widget-text-editor\" data-id=\"3f5cb04\" data-element_type=\"widget\" data-widget_type=\"text-editor.default\">\n\t\t\t\t<div class=\"elementor-widget-container\">\n\t\t\t\t\t\t\t\t<div class=\"elementor-text-editor elementor-clearfix\">\n\t\t\t\t<ul><li><b>Bilan neuropsychologique complet<\/b> (efficience intellectuelle + autres fonctions cognitives en fonction des difficult\u00e9s rapport\u00e9es et de l\u2019objectif du bilan)<\/li><li><b>Bilan neuropsychologique des fonctions cognitives<\/b> sans mesure de l\u2019efficience intellectuelle<\/li><li><b>Evaluation de l\u2019efficience intellectuelle seule<\/b><\/li><li><b>Evaluation des capacit\u00e9s cognitives dans le cadre de la conduite automobile<\/b> (reprise suite \u00e0 une l\u00e9sion c\u00e9r\u00e9brale, d\u00e9sir de conduite malgr\u00e9 des troubles cognitifs, etc.)<\/li><li>Bilan d\u2019\u00e9valuation de la <b>prise en charge apr\u00e8s un certain nombre de s\u00e9ances de rem\u00e9diation ou stimulation<\/b><\/li><\/ul>\t\t\t\t\t<\/div>\n\t\t\t\t\t\t<\/div>\n\t\t\t\t<\/div>\n\t\t\t\t\t\t<\/div>\n\t\t\t\t\t<\/div>\n\t\t<\/div>\n\t\t\t\t<div class=\"elementor-column elementor-col-50 elementor-top-column elementor-element elementor-element-5a953f1\" data-id=\"5a953f1\" data-element_type=\"column\">\n\t\t\t<div class=\"elementor-column-wrap elementor-element-populated\">\n\t\t\t\t\t\t\t<div class=\"elementor-widget-wrap\">\n\t\t\t\t\t\t<div class=\"elementor-element elementor-element-d6badc2 elementor-widget elementor-widget-image\" data-id=\"d6badc2\" data-element_type=\"widget\" data-widget_type=\"image.default\">\n\t\t\t\t<div class=\"elementor-widget-container\">\n\t\t\t\t\t\t\t\t<div class=\"elementor-image\">\n\t\t\t\t\t\t\t\t\t\t\t\t<img decoding=\"async\" src=\"https:\/\/www.barbarachiaroni-neuropsychologie.fr\/wp-content\/uploads\/elementor\/thumbs\/notepad-1-ox7pcot5xqdv9x03uep1ttpc3poqaq675nfuruiyo0.png\" title=\"notepad (1)\" alt=\"notepad (1)\" \/>\t\t\t\t\t\t\t\t\t\t\t\t\t\t<\/div>\n\t\t\t\t\t\t<\/div>\n\t\t\t\t<\/div>\n\t\t\t\t\t\t<\/div>\n\t\t\t\t\t<\/div>\n\t\t<\/div>\n\t\t\t\t\t\t\t\t<\/div>\n\t\t\t\t\t<\/div>\n\t\t<\/section>\n\t\t\t\t<section class=\"elementor-section elementor-top-section elementor-element elementor-element-7a8b917 elementor-section-boxed elementor-section-height-default elementor-section-height-default\" data-id=\"7a8b917\" data-element_type=\"section\">\n\t\t\t\t\t\t<div class=\"elementor-container elementor-column-gap-default\">\n\t\t\t\t\t\t\t<div class=\"elementor-row\">\n\t\t\t\t\t<div class=\"elementor-column elementor-col-100 elementor-top-column elementor-element elementor-element-1dcb05a\" data-id=\"1dcb05a\" data-element_type=\"column\">\n\t\t\t<div class=\"elementor-column-wrap elementor-element-populated\">\n\t\t\t\t\t\t\t<div class=\"elementor-widget-wrap\">\n\t\t\t\t\t\t<div class=\"elementor-element elementor-element-9293543 elementor-widget elementor-widget-spacer\" data-id=\"9293543\" data-element_type=\"widget\" data-widget_type=\"spacer.default\">\n\t\t\t\t<div class=\"elementor-widget-container\">\n\t\t\t\t\t<div class=\"elementor-spacer\">\n\t\t\t<div class=\"elementor-spacer-inner\"><\/div>\n\t\t<\/div>\n\t\t\t\t<\/div>\n\t\t\t\t<\/div>\n\t\t\t\t<div class=\"elementor-element elementor-element-151d3a3 elementor-widget elementor-widget-heading\" data-id=\"151d3a3\" data-element_type=\"widget\" data-widget_type=\"heading.default\">\n\t\t\t\t<div class=\"elementor-widget-container\">\n\t\t\t<h2 class=\"elementor-heading-title elementor-size-default\">D\u00e9roul\u00e9 d'un bilan<\/h2>\t\t<\/div>\n\t\t\t\t<\/div>\n\t\t\t\t<div class=\"elementor-element elementor-element-09ff69b elementor-widget elementor-widget-text-editor\" data-id=\"09ff69b\" data-element_type=\"widget\" data-widget_type=\"text-editor.default\">\n\t\t\t\t<div class=\"elementor-widget-container\">\n\t\t\t\t\t\t\t\t<div class=\"elementor-text-editor elementor-clearfix\">\n\t\t\t\t<p>Quel que soit le bilan demand\u00e9, il se d\u00e9roulera de la mani\u00e8re suivante :<\/p>\t\t\t\t\t<\/div>\n\t\t\t\t\t\t<\/div>\n\t\t\t\t<\/div>\n\t\t\t\t<div class=\"elementor-element elementor-element-ef1b638 elementor-icon-list--layout-inline elementor-align-left elementor-list-item-link-full_width elementor-widget elementor-widget-icon-list\" data-id=\"ef1b638\" data-element_type=\"widget\" data-widget_type=\"icon-list.default\">\n\t\t\t\t<div class=\"elementor-widget-container\">\n\t\t\t\t\t<ul class=\"elementor-icon-list-items elementor-inline-items\">\n\t\t\t\t\t\t\t<li class=\"elementor-icon-list-item elementor-inline-item\">\n\t\t\t\t\t\t\t\t\t\t\t<span class=\"elementor-icon-list-icon\">\n\t\t\t\t\t\t\t<i aria-hidden=\"true\" class=\"fas fa-user-friends\"><\/i>\t\t\t\t\t\t<\/span>\n\t\t\t\t\t\t\t\t\t\t<span class=\"elementor-icon-list-text\"><strong style=\"color: #366f88\">Entretien clinique<\/strong> : il permettra de cr\u00e9er le premier contact n\u00e9cessaire \u00e0 ce que le bilan se d\u00e9roule sans trop d\u2019appr\u00e9hension, de conna\u00eetre l\u2019origine de la demande, les objectifs du bilan, d\u2019appr\u00e9cier les difficult\u00e9s de l\u2019enfant ou de l\u2019adulte dans le quotidien et de recueillir les \u00e9l\u00e9ments cliniques n\u00e9cessaires \u00e0 la pr\u00e9paration des \u00e9preuves du &nbsp;bilan. Ce moment est \u00e9galement l\u2019occasion de remettre des \u00e9chelles et des questionnaires aux parents ou intervenants afin de saisir au mieux les r\u00e9percussions des troubles dans la vie quotidienne.<\/li><\/ul><\/span>\n\t\t\t\t\t\t\t\t\t<\/li>\n\t\t\t\t\t\t\t\t<li class=\"elementor-icon-list-item elementor-inline-item\">\n\t\t\t\t\t\t\t\t\t\t\t<span class=\"elementor-icon-list-icon\">\n\t\t\t\t\t\t\t<i aria-hidden=\"true\" class=\"far fa-clock\"><\/i>\t\t\t\t\t\t<\/span>\n\t\t\t\t\t\t\t\t\t\t<span class=\"elementor-icon-list-text\"><strong style=\"color : #366f88\">Temps du bilan<\/strong> : en fonction du bilan choisi et des \u00e9preuves qui le constituent mais \u00e9galement des capacit\u00e9s attentionnelles, de la fatigabilit\u00e9 et de la vitesse d\u2019ex\u00e9cution du patient, celui-ci peut durer entre 2 heures et 4 heures. Il est possible de r\u00e9aliser le bilan en 2 sessions, sans surco\u00fbt. A la suite du bilan, une premi\u00e8re restitution orale sera effectu\u00e9e, br\u00e8ve et portant essentiellement sur les observations cliniques.<\/span>\n\t\t\t\t\t\t\t\t\t<\/li>\n\t\t\t\t\t\t\t\t<li class=\"elementor-icon-list-item elementor-inline-item\">\n\t\t\t\t\t\t\t\t\t\t\t<span class=\"elementor-icon-list-icon\">\n\t\t\t\t\t\t\t<i aria-hidden=\"true\" class=\"fas fa-file-signature\"><\/i>\t\t\t\t\t\t<\/span>\n\t\t\t\t\t\t\t\t\t\t<span class=\"elementor-icon-list-text\"><strong style=\"color : #366f88\">R\u00e9daction du compte-rendu et analyse des r\u00e9sultats<\/strong> : sous plusieurs jours, allant jusqu\u2019\u00e0 1 \u00e0 2 semaines (en fonction de la demande) le compte-rendu du bilan, mettant en avant les forces et les faiblesses, vous sera restitu\u00e9. Ce document peut \u00eatre transmis aux professionnels de sant\u00e9 et aux professionnels param\u00e9dicaux qui vous encadrent ou encadrent votre enfant. Il peut \u00e9galement \u00eatre une pi\u00e8ce ins\u00e9r\u00e9e au dossier MDPH. Dans le cadre d\u2019un bilan de conduite, ce document peut \u00eatre transmis au m\u00e9decin de la pr\u00e9fecture.<\/span>\n\t\t\t\t\t\t\t\t\t<\/li>\n\t\t\t\t\t\t\t\t<li class=\"elementor-icon-list-item elementor-inline-item\">\n\t\t\t\t\t\t\t\t\t\t\t<span class=\"elementor-icon-list-icon\">\n\t\t\t\t\t\t\t<i aria-hidden=\"true\" class=\"fas fa-phone-alt\"><\/i>\t\t\t\t\t\t<\/span>\n\t\t\t\t\t\t\t\t\t\t<span class=\"elementor-icon-list-text\"><strong style=\"color : #366f88\">Synth\u00e8se orale et proposition de prises en charge<\/strong> : une fois le compte-rendu re\u00e7u et lu par vos soins, une restitution orale d\u2019une heure est propos\u00e9e. Pr\u00e9f\u00e9rentiellement en physique, il est possible de l\u2019organiser \u00e9galement par t\u00e9l\u00e9phone si vous ne pouvez pas vous d\u00e9placer. La restitution permet de revenir sur les r\u00e9sultats, les conclusions du bilan et les pr\u00e9conisations de prise en charge. Elle est \u00e9galement l\u2019occasion d\u2019\u00e9clairer vos questions ou d\u2019apporter des derniers \u00e9l\u00e9ments qui auraient pu \u00eatre omis.<\/span>\n\t\t\t\t\t\t\t\t\t<\/li>\n\t\t\t\t\t\t<\/ul>\n\t\t\t\t<\/div>\n\t\t\t\t<\/div>\n\t\t\t\t\t\t<\/div>\n\t\t\t\t\t<\/div>\n\t\t<\/div>\n\t\t\t\t\t\t\t\t<\/div>\n\t\t\t\t\t<\/div>\n\t\t<\/section>\n\t\t\t\t\t\t\t\t\t<\/div>\n\t\t\t<\/div>\n\t\t\t\t\t<\/div>\n\t\t","protected":false},"excerpt":{"rendered":"<p>Les diff\u00e9rents types de bilans neuropsychologiques Bilan neuropsychologique complet (efficience intellectuelle + autres fonctions cognitives en fonction des difficult\u00e9s rapport\u00e9es et de l\u2019objectif du bilan) Bilan neuropsychologique des fonctions cognitives sans mesure de l\u2019efficience intellectuelle Evaluation de l\u2019efficience intellectuelle seule Evaluation des capacit\u00e9s cognitives dans le cadre de la conduite automobile (reprise suite \u00e0 une&hellip;&nbsp;<a href=\"https:\/\/www.barbarachiaroni-neuropsychologie.fr\/index.php\/les-bilans-enfants-adolescents\/\" class=\"\" rel=\"bookmark\">Lire la suite &raquo;<span class=\"screen-reader-text\">Bilans &#038; \u00e9valuations<\/span><\/a><\/p>\n","protected":false},"author":1,"featured_media":0,"parent":0,"menu_order":0,"comment_status":"closed","ping_status":"closed","template":"","meta":{"neve_meta_sidebar":"","neve_meta_container":"","neve_meta_enable_content_width":"off","neve_meta_content_width":0,"neve_meta_title_alignment":"","neve_meta_author_avatar":"","neve_post_elements_order":"","neve_meta_disable_header":"","neve_meta_disable_footer":"","neve_meta_disable_title":"","footnotes":""},"class_list":["post-27","page","type-page","status-publish","hentry"],"_links":{"self":[{"href":"https:\/\/www.barbarachiaroni-neuropsychologie.fr\/index.php\/wp-json\/wp\/v2\/pages\/27","targetHints":{"allow":["GET"]}}],"collection":[{"href":"https:\/\/www.barbarachiaroni-neuropsychologie.fr\/index.php\/wp-json\/wp\/v2\/pages"}],"about":[{"href":"https:\/\/www.barbarachiaroni-neuropsychologie.fr\/index.php\/wp-json\/wp\/v2\/types\/page"}],"author":[{"embeddable":true,"href":"https:\/\/www.barbarachiaroni-neuropsychologie.fr\/index.php\/wp-json\/wp\/v2\/users\/1"}],"replies":[{"embeddable":true,"href":"https:\/\/www.barbarachiaroni-neuropsychologie.fr\/index.php\/wp-json\/wp\/v2\/comments?post=27"}],"version-history":[{"count":15,"href":"https:\/\/www.barbarachiaroni-neuropsychologie.fr\/index.php\/wp-json\/wp\/v2\/pages\/27\/revisions"}],"predecessor-version":[{"id":329,"href":"https:\/\/www.barbarachiaroni-neuropsychologie.fr\/index.php\/wp-json\/wp\/v2\/pages\/27\/revisions\/329"}],"wp:attachment":[{"href":"https:\/\/www.barbarachiaroni-neuropsychologie.fr\/index.php\/wp-json\/wp\/v2\/media?parent=27"}],"curies":[{"name":"wp","href":"https:\/\/api.w.org\/{rel}","templated":true}]}}