{"id":11,"date":"2020-05-07T23:48:59","date_gmt":"2020-05-07T21:48:59","guid":{"rendered":"http:\/\/barbarachiaroni-neuropsychologie.fr\/?page_id=11"},"modified":"2020-10-20T23:41:57","modified_gmt":"2020-10-20T21:41:57","slug":"la-neuropsychologie","status":"publish","type":"page","link":"https:\/\/www.barbarachiaroni-neuropsychologie.fr\/index.php\/la-neuropsychologie\/","title":{"rendered":"La neuropsychologie"},"content":{"rendered":"\t\t<div data-elementor-type=\"wp-page\" data-elementor-id=\"11\" class=\"elementor elementor-11\">\n\t\t\t\t\t\t<div class=\"elementor-inner\">\n\t\t\t\t<div class=\"elementor-section-wrap\">\n\t\t\t\t\t\t\t\t\t<section class=\"elementor-section elementor-top-section elementor-element elementor-element-ababc39 elementor-section-content-middle elementor-section-boxed elementor-section-height-default elementor-section-height-default\" data-id=\"ababc39\" data-element_type=\"section\">\n\t\t\t\t\t\t<div class=\"elementor-container elementor-column-gap-default\">\n\t\t\t\t\t\t\t<div class=\"elementor-row\">\n\t\t\t\t\t<div class=\"elementor-column elementor-col-50 elementor-top-column elementor-element elementor-element-9dcf7c6\" data-id=\"9dcf7c6\" data-element_type=\"column\">\n\t\t\t<div class=\"elementor-column-wrap elementor-element-populated\">\n\t\t\t\t\t\t\t<div class=\"elementor-widget-wrap\">\n\t\t\t\t\t\t<div class=\"elementor-element elementor-element-f89d220 elementor-widget elementor-widget-text-editor\" data-id=\"f89d220\" data-element_type=\"widget\" data-widget_type=\"text-editor.default\">\n\t\t\t\t<div class=\"elementor-widget-container\">\n\t\t\t\t\t\t\t\t<div class=\"elementor-text-editor elementor-clearfix\">\n\t\t\t\t<p class=\"p1\" style=\"margin-bottom: 0px; font-stretch: normal; font-size: 18.6px; line-height: normal; caret-color: #000000; color: #000000; -webkit-tap-highlight-color: rgba(26, 26, 26, 0.3); -webkit-text-size-adjust: auto;\"><span class=\"s1\" style=\"font-size: 18.55px;\">La neuropsychologie est une science qui \u00e9tudie la relation entre les <b>fonctions cognitives<\/b> (raisonnement, attention, perception, m\u00e9moire, \u00e9motions, langage, capacit\u00e9s intellectuelles g\u00e9n\u00e9rales, fonctions ex\u00e9cutives, etc.), le <b>comportement<\/b> et les diff\u00e9rentes <b>structures<\/b> <b>c\u00e9r\u00e9brales<\/b>.\u00a0<\/span><\/p><p class=\"p1\" style=\"margin-bottom: 0px; font-stretch: normal; font-size: 18.6px; line-height: normal; caret-color: #000000; color: #000000; -webkit-tap-highlight-color: rgba(26, 26, 26, 0.3); -webkit-text-size-adjust: auto;\"><span class=\"s1\" style=\"font-size: 18.55px;\">Le <b>bilan neuropsychologique<\/b> permet d\u2019\u00e9valuer les fonctions cognitives de chacun, leur fonctionnement actuel et leur <b>retentissement dans la vie quotidienne<\/b>. Il favorise donc la meilleure compr\u00e9hension des difficult\u00e9s que ressent le patient au quotidien, de sa fa\u00e7on d\u2019\u00eatre et d\u2019agir et permet la mise en place d\u2019accompagnements adapt\u00e9s.\u00a0<\/span><\/p><p class=\"p1\" style=\"margin-bottom: 0px; font-stretch: normal; font-size: 18.6px; line-height: normal; caret-color: #000000; color: #000000; -webkit-tap-highlight-color: rgba(26, 26, 26, 0.3); -webkit-text-size-adjust: auto;\"><span class=\"s1\" style=\"font-size: 18.55px;\">Il est pertinent de r\u00e9aliser un bilan neuro psychologique d\u00e8s que des difficult\u00e9s apparaissent dans le quotidien (scolarit\u00e9, emploi, vie sociale, etc.) et qu\u2019elles engendrent des interrogations concernant votre fonctionnement ou celui de votre enfant.<\/span><\/p><p class=\"p1\" style=\"margin-bottom: 0px; font-stretch: normal; font-size: 18.6px; line-height: normal; caret-color: #000000; color: #000000; -webkit-tap-highlight-color: rgba(26, 26, 26, 0.3); -webkit-text-size-adjust: auto;\"><span class=\"s1\" style=\"font-size: 18.55px;\">Il permettra de r\u00e9v\u00e9ler un profil cognitif et comportemental mettant en avant <b>les forces et les faiblesses<\/b> de chacun. Ce profil sera le point de d\u00e9part du <b>projet de prise en charge personnalis\u00e9e<\/b>, de mani\u00e8re chorale avec les autres professionnels intervenants aupr\u00e8s de la personne aid\u00e9e (m\u00e9decins, orthophoniste, ergoth\u00e9rapeute, psychom\u00e9tricien, psychologue) mais aussi avec les proches et le milieu scolaire ou professionnel.\u00a0<\/span><\/p>\t\t\t\t\t<\/div>\n\t\t\t\t\t\t<\/div>\n\t\t\t\t<\/div>\n\t\t\t\t\t\t<\/div>\n\t\t\t\t\t<\/div>\n\t\t<\/div>\n\t\t\t\t<div class=\"elementor-column elementor-col-50 elementor-top-column elementor-element elementor-element-f88a599\" data-id=\"f88a599\" data-element_type=\"column\">\n\t\t\t<div class=\"elementor-column-wrap elementor-element-populated\">\n\t\t\t\t\t\t\t<div class=\"elementor-widget-wrap\">\n\t\t\t\t\t\t<div class=\"elementor-element elementor-element-1042c90 elementor-widget elementor-widget-image\" data-id=\"1042c90\" data-element_type=\"widget\" data-widget_type=\"image.default\">\n\t\t\t\t<div class=\"elementor-widget-container\">\n\t\t\t\t\t\t\t\t<div class=\"elementor-image\">\n\t\t\t\t\t\t\t\t\t\t\t\t<img decoding=\"async\" src=\"https:\/\/www.barbarachiaroni-neuropsychologie.fr\/wp-content\/uploads\/elementor\/thumbs\/F28184F8-5AAF-453C-AE2C-B6C6DE14E4EE-scaled-ox6rycj2rkvnwfkl4akg7pqiybfvazknp82tppb5z4.jpeg\" title=\"F28184F8-5AAF-453C-AE2C-B6C6DE14E4EE\" alt=\"F28184F8-5AAF-453C-AE2C-B6C6DE14E4EE\" \/>\t\t\t\t\t\t\t\t\t\t\t\t\t\t<\/div>\n\t\t\t\t\t\t<\/div>\n\t\t\t\t<\/div>\n\t\t\t\t\t\t<\/div>\n\t\t\t\t\t<\/div>\n\t\t<\/div>\n\t\t\t\t\t\t\t\t<\/div>\n\t\t\t\t\t<\/div>\n\t\t<\/section>\n\t\t\t\t\t\t\t\t\t<\/div>\n\t\t\t<\/div>\n\t\t\t\t\t<\/div>\n\t\t","protected":false},"excerpt":{"rendered":"<p>La neuropsychologie est une science qui \u00e9tudie la relation entre les fonctions cognitives (raisonnement, attention, perception, m\u00e9moire, \u00e9motions, langage, capacit\u00e9s intellectuelles g\u00e9n\u00e9rales, fonctions ex\u00e9cutives, etc.), le comportement et les diff\u00e9rentes structures c\u00e9r\u00e9brales.\u00a0 Le bilan neuropsychologique permet d\u2019\u00e9valuer les fonctions cognitives de chacun, leur fonctionnement actuel et leur retentissement dans la vie quotidienne. Il favorise donc&hellip;&nbsp;<a href=\"https:\/\/www.barbarachiaroni-neuropsychologie.fr\/index.php\/la-neuropsychologie\/\" class=\"\" rel=\"bookmark\">Lire la suite &raquo;<span class=\"screen-reader-text\">La neuropsychologie<\/span><\/a><\/p>\n","protected":false},"author":1,"featured_media":0,"parent":0,"menu_order":0,"comment_status":"closed","ping_status":"closed","template":"","meta":{"neve_meta_sidebar":"","neve_meta_container":"","neve_meta_enable_content_width":"off","neve_meta_content_width":0,"neve_meta_title_alignment":"","neve_meta_author_avatar":"","neve_post_elements_order":"","neve_meta_disable_header":"","neve_meta_disable_footer":"","neve_meta_disable_title":"","footnotes":""},"class_list":["post-11","page","type-page","status-publish","hentry"],"_links":{"self":[{"href":"https:\/\/www.barbarachiaroni-neuropsychologie.fr\/index.php\/wp-json\/wp\/v2\/pages\/11","targetHints":{"allow":["GET"]}}],"collection":[{"href":"https:\/\/www.barbarachiaroni-neuropsychologie.fr\/index.php\/wp-json\/wp\/v2\/pages"}],"about":[{"href":"https:\/\/www.barbarachiaroni-neuropsychologie.fr\/index.php\/wp-json\/wp\/v2\/types\/page"}],"author":[{"embeddable":true,"href":"https:\/\/www.barbarachiaroni-neuropsychologie.fr\/index.php\/wp-json\/wp\/v2\/users\/1"}],"replies":[{"embeddable":true,"href":"https:\/\/www.barbarachiaroni-neuropsychologie.fr\/index.php\/wp-json\/wp\/v2\/comments?post=11"}],"version-history":[{"count":8,"href":"https:\/\/www.barbarachiaroni-neuropsychologie.fr\/index.php\/wp-json\/wp\/v2\/pages\/11\/revisions"}],"predecessor-version":[{"id":280,"href":"https:\/\/www.barbarachiaroni-neuropsychologie.fr\/index.php\/wp-json\/wp\/v2\/pages\/11\/revisions\/280"}],"wp:attachment":[{"href":"https:\/\/www.barbarachiaroni-neuropsychologie.fr\/index.php\/wp-json\/wp\/v2\/media?parent=11"}],"curies":[{"name":"wp","href":"https:\/\/api.w.org\/{rel}","templated":true}]}}